{"id":22669,"date":"2022-10-25T11:51:17","date_gmt":"2022-10-25T09:51:17","guid":{"rendered":"https:\/\/www.k2glass.es\/contact\/"},"modified":"2022-10-25T11:51:20","modified_gmt":"2022-10-25T09:51:20","slug":"contact","status":"publish","type":"page","link":"http:\/\/www.k2glass.es\/en\/contact\/","title":{"rendered":"Contact"},"content":{"rendered":"\t\t<div data-elementor-type=\"wp-post\" data-elementor-id=\"22669\" class=\"elementor elementor-22669 elementor-29\" data-elementor-settings=\"[]\">\n\t\t\t\t\t\t<div class=\"elementor-inner\">\n\t\t\t\t\t\t\t<div class=\"elementor-section-wrap\">\n\t\t\t\t\t\t\t<section class=\"elementor-section elementor-top-section elementor-element elementor-element-2c38cff elementor-section-stretched elementor-section-full_width elementor-section-height-default elementor-section-height-default neuron-fixed-no\" data-id=\"2c38cff\" data-element_type=\"section\" data-settings=\"{&quot;stretch_section&quot;:&quot;section-stretched&quot;}\">\n\t\t\t\t\t\t<div class=\"elementor-container elementor-column-gap-default\">\n\t\t\t\t\t\t\t<div class=\"elementor-row\">\n\t\t\t\t\t<div class=\"elementor-column elementor-col-100 elementor-top-column elementor-element elementor-element-6b2b366\" data-id=\"6b2b366\" data-element_type=\"column\">\n\t\t\t<div class=\"elementor-column-wrap elementor-element-populated\">\n\t\t\t\t\t\t\t<div class=\"elementor-widget-wrap\">\n\t\t\t\t\t\t<div class=\"elementor-element elementor-element-47b6789 elementor-widget elementor-widget-image\" data-id=\"47b6789\" data-element_type=\"widget\" data-widget_type=\"image.default\">\n\t\t\t\t<div class=\"elementor-widget-container\">\n\t\t\t\t\t\t\t\t<div class=\"elementor-image\">\n\t\t\t\t\t\t\t\t\t\t\t\t<img width=\"3320\" height=\"601\" src=\"http:\/\/www.k2glass.es\/wp-content\/uploads\/2020\/05\/empresa.jpg\" class=\"attachment-full size-full\" alt=\"\" loading=\"lazy\" srcset=\"http:\/\/www.k2glass.es\/wp-content\/uploads\/2020\/05\/empresa.jpg 3320w, http:\/\/www.k2glass.es\/wp-content\/uploads\/2020\/05\/empresa-300x54.jpg 300w, http:\/\/www.k2glass.es\/wp-content\/uploads\/2020\/05\/empresa-768x139.jpg 768w, http:\/\/www.k2glass.es\/wp-content\/uploads\/2020\/05\/empresa-1024x185.jpg 1024w\" sizes=\"(max-width: 3320px) 100vw, 3320px\" \/>\t\t\t\t\t\t\t\t\t\t\t\t\t\t<\/div>\n\t\t\t\t\t\t<\/div>\n\t\t\t\t<\/div>\n\t\t\t\t\t\t<\/div>\n\t\t\t\t\t<\/div>\n\t\t<\/div>\n\t\t\t\t\t\t\t\t<\/div>\n\t\t\t\t\t<\/div>\n\t\t<\/section>\n\t\t\t\t<section class=\"elementor-section elementor-top-section elementor-element elementor-element-bd9f5bf elementor-section-boxed elementor-section-height-default elementor-section-height-default neuron-fixed-no\" data-id=\"bd9f5bf\" data-element_type=\"section\">\n\t\t\t\t\t\t<div class=\"elementor-container elementor-column-gap-default\">\n\t\t\t\t\t\t\t<div class=\"elementor-row\">\n\t\t\t\t\t<div class=\"elementor-column elementor-col-100 elementor-top-column elementor-element elementor-element-ab2cf92\" data-id=\"ab2cf92\" data-element_type=\"column\">\n\t\t\t<div class=\"elementor-column-wrap elementor-element-populated\">\n\t\t\t\t\t\t\t<div class=\"elementor-widget-wrap\">\n\t\t\t\t\t\t<div class=\"elementor-element elementor-element-83fbb35 elementor-widget elementor-widget-heading\" data-id=\"83fbb35\" data-element_type=\"widget\" data-widget_type=\"heading.default\">\n\t\t\t\t<div class=\"elementor-widget-container\">\n\t\t\t<h2 class=\"elementor-heading-title elementor-size-default\">Contact<\/h2>\t\t<\/div>\n\t\t\t\t<\/div>\n\t\t\t\t\t\t<\/div>\n\t\t\t\t\t<\/div>\n\t\t<\/div>\n\t\t\t\t\t\t\t\t<\/div>\n\t\t\t\t\t<\/div>\n\t\t<\/section>\n\t\t\t\t<section class=\"elementor-section elementor-top-section elementor-element elementor-element-72bfcf08 elementor-section-boxed elementor-section-height-default elementor-section-height-default neuron-fixed-no\" data-id=\"72bfcf08\" data-element_type=\"section\">\n\t\t\t\t\t\t<div class=\"elementor-container elementor-column-gap-wide\">\n\t\t\t\t\t\t\t<div class=\"elementor-row\">\n\t\t\t\t\t<div class=\"elementor-column elementor-col-33 elementor-top-column elementor-element elementor-element-2e009ed9\" data-id=\"2e009ed9\" data-element_type=\"column\">\n\t\t\t<div class=\"elementor-column-wrap elementor-element-populated\">\n\t\t\t\t\t\t\t<div class=\"elementor-widget-wrap\">\n\t\t\t\t\t\t<div class=\"elementor-element elementor-element-19e6edac elementor-position-top elementor-vertical-align-top elementor-invisible elementor-widget elementor-widget-image-box\" data-id=\"19e6edac\" data-element_type=\"widget\" data-settings=\"{&quot;_animation&quot;:&quot;fadeInUp&quot;}\" data-widget_type=\"image-box.default\">\n\t\t\t\t<div class=\"elementor-widget-container\">\n\t\t\t<div class=\"elementor-image-box-wrapper\"><div class=\"elementor-image-box-content\"><h4 class=\"elementor-image-box-title\">Our company<\/h4><p class=\"elementor-image-box-description\">Our factory has the most advanced machinery and the technical and human means to execute any type of work in a fast and effective way.<br>\n<h5 style=\"margin-top:12px\"><b>Pol. Ind. Masti Loidi, 15 Pab. J.<br>\n20100 Errenteria (Gipuzkoa).<\/b><\/h5>\n<h5 style=\"margin-top:0px; margin-bottom:0px\">Offices in Vitoria-Gasteiz<\/h5>\n<p>Paduleta 55, Ofic. 205<br>\n01015 Vitoria-Gasteiz (\u00c1lava)<\/p><\/p><\/div><\/div>\t\t<\/div>\n\t\t\t\t<\/div>\n\t\t\t\t\t\t<\/div>\n\t\t\t\t\t<\/div>\n\t\t<\/div>\n\t\t\t\t<div class=\"elementor-column elementor-col-33 elementor-top-column elementor-element elementor-element-2f42b9f\" data-id=\"2f42b9f\" data-element_type=\"column\">\n\t\t\t<div class=\"elementor-column-wrap elementor-element-populated\">\n\t\t\t\t\t\t\t<div class=\"elementor-widget-wrap\">\n\t\t\t\t\t\t<div class=\"elementor-element elementor-element-7e053b3f elementor-position-top elementor-vertical-align-top elementor-invisible elementor-widget elementor-widget-image-box\" data-id=\"7e053b3f\" data-element_type=\"widget\" data-settings=\"{&quot;_animation&quot;:&quot;fadeInUp&quot;,&quot;_animation_delay&quot;:150}\" data-widget_type=\"image-box.default\">\n\t\t\t\t<div class=\"elementor-widget-container\">\n\t\t\t<div class=\"elementor-image-box-wrapper\"><div class=\"elementor-image-box-content\"><h4 class=\"elementor-image-box-title\">Our mail<\/h4><p class=\"elementor-image-box-description\">K2Glass has more than 20 years of experience in the glass sector. We offer solutions for all types of glass work, both for individuals and professionals, companies, institutions, entities, etc.\n\n<br><h5 style=\"margin-top:12px\">\n<a style=\"margin-top: 12px; display: inline-block\" href=\"mailto:info@k2glass.es\">Contact email <br>info@k2glass.es<\/a><\/h5><\/p><\/div><\/div>\t\t<\/div>\n\t\t\t\t<\/div>\n\t\t\t\t\t\t<\/div>\n\t\t\t\t\t<\/div>\n\t\t<\/div>\n\t\t\t\t<div class=\"elementor-column elementor-col-33 elementor-top-column elementor-element elementor-element-33b872e\" data-id=\"33b872e\" data-element_type=\"column\">\n\t\t\t<div class=\"elementor-column-wrap elementor-element-populated\">\n\t\t\t\t\t\t\t<div class=\"elementor-widget-wrap\">\n\t\t\t\t\t\t<div class=\"elementor-element elementor-element-0ea5830 elementor-position-top elementor-vertical-align-top elementor-invisible elementor-widget elementor-widget-image-box\" data-id=\"0ea5830\" data-element_type=\"widget\" data-settings=\"{&quot;_animation&quot;:&quot;fadeInUp&quot;,&quot;_animation_delay&quot;:300}\" data-widget_type=\"image-box.default\">\n\t\t\t\t<div class=\"elementor-widget-container\">\n\t\t\t<div class=\"elementor-image-box-wrapper\"><div class=\"elementor-image-box-content\"><h4 class=\"elementor-image-box-title\">Our philosophy<\/h4><p class=\"elementor-image-box-description\">\nAll our works and materials are of first brands and have the maximum guarantee and quality in parts and materials. We have the ability and experience to serve different specialties.\n<br>\n<h5 style=\"margin-top:12px\"><b>Budget without obligation <a href=\"tel:+34943552468\">Tele<br>phone 943 55 24 68<\/a><\/b><\/h5><\/p><\/div><\/div>\t\t<\/div>\n\t\t\t\t<\/div>\n\t\t\t\t\t\t<\/div>\n\t\t\t\t\t<\/div>\n\t\t<\/div>\n\t\t\t\t\t\t\t\t<\/div>\n\t\t\t\t\t<\/div>\n\t\t<\/section>\n\t\t\t\t<section class=\"elementor-section elementor-top-section elementor-element elementor-element-613b5d04 elementor-section-boxed elementor-section-height-default elementor-section-height-default neuron-fixed-no\" data-id=\"613b5d04\" data-element_type=\"section\">\n\t\t\t\t\t\t<div class=\"elementor-container elementor-column-gap-wide\">\n\t\t\t\t\t\t\t<div class=\"elementor-row\">\n\t\t\t\t\t<div class=\"elementor-column elementor-col-50 elementor-top-column elementor-element elementor-element-6605eca\" data-id=\"6605eca\" data-element_type=\"column\">\n\t\t\t<div class=\"elementor-column-wrap elementor-element-populated\">\n\t\t\t\t\t\t\t<div class=\"elementor-widget-wrap\">\n\t\t\t\t\t\t<div class=\"elementor-element elementor-element-7ffc3b16 elementor-invisible elementor-widget elementor-widget-shortcode\" data-id=\"7ffc3b16\" data-element_type=\"widget\" data-settings=\"{&quot;_animation&quot;:&quot;fadeInUp&quot;}\" data-widget_type=\"shortcode.default\">\n\t\t\t\t<div class=\"elementor-widget-container\">\n\t\t\t\t\t<div class=\"elementor-shortcode\"><div role=\"form\" class=\"wpcf7\" id=\"wpcf7-f5430-o1\" lang=\"es-ES\" dir=\"ltr\">\n<div class=\"screen-reader-response\"><p role=\"status\" aria-live=\"polite\" aria-atomic=\"true\"><\/p> <ul><\/ul><\/div>\n<form action=\"\/en\/wp-json\/wp\/v2\/pages\/22669#wpcf7-f5430-o1\" method=\"post\" class=\"wpcf7-form init\" novalidate=\"novalidate\" data-status=\"init\">\n<div style=\"display: none;\">\n<input type=\"hidden\" name=\"_wpcf7\" value=\"5430\" \/>\n<input type=\"hidden\" name=\"_wpcf7_version\" value=\"5.5.6\" \/>\n<input type=\"hidden\" name=\"_wpcf7_locale\" value=\"es_ES\" \/>\n<input type=\"hidden\" name=\"_wpcf7_unit_tag\" value=\"wpcf7-f5430-o1\" \/>\n<input type=\"hidden\" name=\"_wpcf7_container_post\" value=\"0\" \/>\n<input type=\"hidden\" name=\"_wpcf7_posted_data_hash\" value=\"\" \/>\n<input type=\"hidden\" name=\"_wpcf7_recaptcha_response\" value=\"\" \/>\n<\/div>\n<div class=\"row\">\n<div class=\"col-sm-6 h-medium-bottom-padding\">\n        <span class=\"wpcf7-form-control-wrap your-name\"><input type=\"text\" name=\"your-name\" value=\"\" size=\"40\" class=\"wpcf7-form-control wpcf7-text wpcf7-validates-as-required\" aria-required=\"true\" aria-invalid=\"false\" placeholder=\"Su Nombre\" \/><\/span>\n    <\/div>\n<div class=\"col-sm-6 h-medium-bottom-padding\">\n        <span class=\"wpcf7-form-control-wrap last-name\"><input type=\"text\" name=\"last-name\" value=\"\" size=\"40\" class=\"wpcf7-form-control wpcf7-text wpcf7-validates-as-required\" aria-required=\"true\" aria-invalid=\"false\" placeholder=\"Sus Apellidos\" \/><\/span>\n    <\/div>\n<div class=\"col-sm-6 h-medium-bottom-padding\">\n        <span class=\"wpcf7-form-control-wrap your-email\"><input type=\"email\" name=\"your-email\" value=\"\" size=\"40\" class=\"wpcf7-form-control wpcf7-text wpcf7-email wpcf7-validates-as-required wpcf7-validates-as-email\" aria-required=\"true\" aria-invalid=\"false\" placeholder=\"Email de contacto\" \/><\/span>\n    <\/div>\n<div class=\"col-sm-6 h-medium-bottom-padding\">\n        <span class=\"wpcf7-form-control-wrap phone\"><input type=\"text\" name=\"phone\" value=\"\" size=\"40\" class=\"wpcf7-form-control wpcf7-text\" aria-invalid=\"false\" placeholder=\"Tel\u00e9fono de contacto\" \/><\/span>\n    <\/div>\n<div class=\"col-12 h-medium-bottom-padding\">\n        <span class=\"wpcf7-form-control-wrap your-message\"><textarea name=\"your-message\" cols=\"40\" rows=\"10\" class=\"wpcf7-form-control wpcf7-textarea wpcf7-validates-as-required\" aria-required=\"true\" aria-invalid=\"false\" placeholder=\"Escriba aqu\u00ed si mensaje o consulta.\"><\/textarea><\/span>\n    <\/div>\n<div class=\"col-12\">\n<span class=\"wpcf7-form-control-wrap recaptcha\"><span data-sitekey=\"6LfGHvcUAAAAADK4IvRtTBxleidqEYVRxqdb5V-J\" class=\"wpcf7-form-control g-recaptcha wpcf7-recaptcha\"><\/span>\r\n<noscript>\r\n\t<div class=\"grecaptcha-noscript\">\r\n\t\t<iframe loading=\"lazy\" src=\"https:\/\/www.google.com\/recaptcha\/api\/fallback?k=6LfGHvcUAAAAADK4IvRtTBxleidqEYVRxqdb5V-J\" frameborder=\"0\" scrolling=\"no\" width=\"310\" height=\"430\">\r\n\t\t<\/iframe>\r\n\t\t<textarea name=\"g-recaptcha-response\" rows=\"3\" cols=\"40\" placeholder=\"reCaptcha Response Here\">\r\n\t\t<\/textarea>\r\n\t<\/div>\r\n<\/noscript>\r\n<\/span>\n<p style=\"margin-top:10px\"><input type=\"submit\" value=\"Enviar Contacto\" class=\"wpcf7-form-control has-spinner wpcf7-submit h-fullwidth\" id=\"formulario\" \/><\/p>\n<p style=\"font-size:11px; margin-top:0px\"><span class=\"wpcf7-form-control-wrap acceptance-23\"><span class=\"wpcf7-form-control wpcf7-acceptance\"><span class=\"wpcf7-list-item\"><input type=\"checkbox\" name=\"acceptance-23\" value=\"1\" aria-invalid=\"false\" \/><\/span><\/span><\/span> <a href=\"http:\/\/www.k2glass.es\/politica-de-privacidad\/\">He le\u00eddo y acepto la pol\u00edtica de privacidad<\/a>. La aceptaci\u00f3n es necesaria para prestarle el servicio solicitado.<\/p>\n<p style=\"font-size:11px\"> <span class=\"wpcf7-form-control-wrap acceptance-24\"><span class=\"wpcf7-form-control wpcf7-acceptance\"><span class=\"wpcf7-list-item\"><input type=\"checkbox\" name=\"acceptance-24\" value=\"1\" aria-invalid=\"false\" \/><\/span><\/span><\/span> Autorizo el env\u00edo de comunicaciones comerciales electr\u00f3nicas de nuestras actividades, productos y servicios. Las comunicaciones que le enviemos incluir\u00e1n, en la propia comunicaci\u00f3n, la opci\u00f3n de dejar de recibirlas. Si opta por ello dejaremos de remitirlas en lo sucesivo. Puede revocar la autorizaci\u00f3n en cualquier momento mandando un e-mail en ese sentido a lopd@baika.es <\/p>\n<\/div>\n<\/div>\n<div class=\"wpcf7-response-output\" aria-hidden=\"true\"><\/div><\/form><\/div><\/div>\n\t\t\t\t<\/div>\n\t\t\t\t<\/div>\n\t\t\t\t\t\t<\/div>\n\t\t\t\t\t<\/div>\n\t\t<\/div>\n\t\t\t\t<div class=\"elementor-column elementor-col-50 elementor-top-column elementor-element elementor-element-e8bcba0\" data-id=\"e8bcba0\" data-element_type=\"column\">\n\t\t\t<div class=\"elementor-column-wrap elementor-element-populated\">\n\t\t\t\t\t\t\t<div class=\"elementor-widget-wrap\">\n\t\t\t\t\t\t<div class=\"elementor-element elementor-element-1ace908 elementor-invisible elementor-widget elementor-widget-google_maps\" data-id=\"1ace908\" data-element_type=\"widget\" data-settings=\"{&quot;_animation&quot;:&quot;fadeInUp&quot;,&quot;_animation_delay&quot;:150}\" data-widget_type=\"google_maps.default\">\n\t\t\t\t<div class=\"elementor-widget-container\">\n\t\t\t\t\t<div class=\"elementor-custom-embed\">\n\t\t\t<iframe frameborder=\"0\" scrolling=\"no\" marginheight=\"0\" marginwidth=\"0\"\n\t\t\t\t\tsrc=\"https:\/\/maps.google.com\/maps?q=k2glass&#038;t=m&#038;z=16&#038;output=embed&#038;iwloc=near\"\n\t\t\t\t\ttitle=\"k2glass\"\n\t\t\t\t\taria-label=\"k2glass\"\n\t\t\t><\/iframe>\n\t\t<\/div>\n\t\t\t\t<\/div>\n\t\t\t\t<\/div>\n\t\t\t\t\t\t<\/div>\n\t\t\t\t\t<\/div>\n\t\t<\/div>\n\t\t\t\t\t\t\t\t<\/div>\n\t\t\t\t\t<\/div>\n\t\t<\/section>\n\t\t\t\t<section class=\"elementor-section elementor-top-section elementor-element elementor-element-03934f6 elementor-section-content-middle elementor-section-boxed elementor-section-height-default elementor-section-height-default neuron-fixed-no\" data-id=\"03934f6\" data-element_type=\"section\" data-settings=\"{&quot;background_background&quot;:&quot;classic&quot;}\">\n\t\t\t\t\t\t\t<div class=\"elementor-background-overlay\"><\/div>\n\t\t\t\t\t\t\t<div class=\"elementor-container elementor-column-gap-wide\">\n\t\t\t\t\t\t\t<div class=\"elementor-row\">\n\t\t\t\t\t<div class=\"elementor-column elementor-col-50 elementor-top-column elementor-element elementor-element-917d97d\" data-id=\"917d97d\" data-element_type=\"column\">\n\t\t\t<div class=\"elementor-column-wrap elementor-element-populated\">\n\t\t\t\t\t\t\t<div class=\"elementor-widget-wrap\">\n\t\t\t\t\t\t<div class=\"elementor-element elementor-element-1e691dc elementor-invisible elementor-widget elementor-widget-heading\" data-id=\"1e691dc\" data-element_type=\"widget\" data-settings=\"{&quot;_animation&quot;:&quot;fadeIn&quot;}\" data-widget_type=\"heading.default\">\n\t\t\t\t<div class=\"elementor-widget-container\">\n\t\t\t<h1 class=\"elementor-heading-title elementor-size-xl\">Call us without commitment<\/h1>\t\t<\/div>\n\t\t\t\t<\/div>\n\t\t\t\t<div class=\"elementor-element elementor-element-9d971a3 elementor-invisible elementor-widget elementor-widget-text-editor\" data-id=\"9d971a3\" data-element_type=\"widget\" data-settings=\"{&quot;_animation&quot;:&quot;fadeIn&quot;,&quot;_animation_delay&quot;:150}\" data-widget_type=\"text-editor.default\">\n\t\t\t\t<div class=\"elementor-widget-container\">\n\t\t\t\t\t\t\t\t<div class=\"elementor-text-editor elementor-clearfix\">\n\t\t\t\t<p style=\"margin-bottom: 0;color:white !important\">Call us <strong>without commitment<\/strong> We are happy <strong>to offer you a solution tailored to your needs.<\/strong><\/p>\n\t\t\t\t\t<\/div>\n\t\t\t\t\t\t<\/div>\n\t\t\t\t<\/div>\n\t\t\t\t\t\t<\/div>\n\t\t\t\t\t<\/div>\n\t\t<\/div>\n\t\t\t\t<div class=\"elementor-column elementor-col-50 elementor-top-column elementor-element elementor-element-09eafb1\" data-id=\"09eafb1\" data-element_type=\"column\">\n\t\t\t<div class=\"elementor-column-wrap elementor-element-populated\">\n\t\t\t\t\t\t\t<div class=\"elementor-widget-wrap\">\n\t\t\t\t\t\t<div class=\"elementor-element elementor-element-73b30bc elementor-align-right elementor-tablet-align-center elementor-invisible elementor-widget elementor-widget-button\" data-id=\"73b30bc\" data-element_type=\"widget\" data-settings=\"{&quot;_animation&quot;:&quot;fadeInUp&quot;,&quot;_animation_delay&quot;:300}\" data-widget_type=\"button.default\">\n\t\t\t\t<div class=\"elementor-widget-container\">\n\t\t\t\t\t<div class=\"elementor-button-wrapper\">\n\t\t\t<a href=\"tel:+34%20943%20552468\" target=\"_blank\" class=\"elementor-button-link elementor-button elementor-size-md\" role=\"button\">\n\t\t\t\t\t\t<span class=\"elementor-button-content-wrapper\">\n\t\t\t\t\t\t<span class=\"elementor-button-text\">Contact us<\/span>\n\t\t<\/span>\n\t\t\t\t\t<\/a>\n\t\t<\/div>\n\t\t\t\t<\/div>\n\t\t\t\t<\/div>\n\t\t\t\t\t\t<\/div>\n\t\t\t\t\t<\/div>\n\t\t<\/div>\n\t\t\t\t\t\t\t\t<\/div>\n\t\t\t\t\t<\/div>\n\t\t<\/section>\n\t\t\t\t\t\t<\/div>\n\t\t\t\t\t\t<\/div>\n\t\t\t\t\t<\/div>\n\t\t","protected":false},"excerpt":{"rendered":"<p>Contact Our company Our factory has the most advanced machinery and the technical and human means to execute&#8230;<\/p>\n","protected":false},"author":1,"featured_media":0,"parent":0,"menu_order":7,"comment_status":"closed","ping_status":"closed","template":"","meta":[],"yoast_head":"<!-- This site is optimized with the Yoast SEO plugin v18.2 - https:\/\/yoast.com\/wordpress\/plugins\/seo\/ -->\n<title>Contact K2Glass<\/title>\n<meta name=\"description\" content=\"Glassware specializing in the manufacture of glass, installation of stained glass and custom cut glass. T: + 34 943 55 24 68\" \/>\n<meta name=\"robots\" content=\"index, follow, max-snippet:-1, max-image-preview:large, max-video-preview:-1\" \/>\n<link rel=\"canonical\" href=\"http:\/\/www.k2glass.es\/en\/contact\/\" \/>\n<meta property=\"og:locale\" content=\"en_US\" \/>\n<meta property=\"og:type\" content=\"article\" \/>\n<meta property=\"og:title\" content=\"Contact K2Glass\" \/>\n<meta property=\"og:description\" content=\"Glassware specializing in the manufacture of glass, installation of stained glass and custom cut glass. T: + 34 943 55 24 68\" \/>\n<meta property=\"og:url\" content=\"http:\/\/www.k2glass.es\/en\/contact\/\" \/>\n<meta property=\"og:site_name\" content=\"K2 Glass\" \/>\n<meta property=\"article:modified_time\" content=\"2022-10-25T09:51:20+00:00\" \/>\n<meta property=\"og:image\" content=\"https:\/\/www.k2glass.es\/wp-content\/uploads\/2020\/05\/empresa.jpg\" \/>\n<meta name=\"twitter:card\" content=\"summary_large_image\" \/>\n<meta name=\"twitter:label1\" content=\"Est. reading time\" \/>\n\t<meta name=\"twitter:data1\" content=\"1 minute\" \/>\n<script type=\"application\/ld+json\" class=\"yoast-schema-graph\">{\"@context\":\"https:\/\/schema.org\",\"@graph\":[{\"@type\":\"WebSite\",\"@id\":\"https:\/\/www.k2glass.es\/en\/#website\",\"url\":\"https:\/\/www.k2glass.es\/en\/\",\"name\":\"K2 Glass\",\"description\":\"Proyectos integrales en vidrio\",\"potentialAction\":[{\"@type\":\"SearchAction\",\"target\":{\"@type\":\"EntryPoint\",\"urlTemplate\":\"https:\/\/www.k2glass.es\/en\/?s={search_term_string}\"},\"query-input\":\"required name=search_term_string\"}],\"inLanguage\":\"en-US\"},{\"@type\":\"ImageObject\",\"@id\":\"http:\/\/www.k2glass.es\/en\/contact\/#primaryimage\",\"inLanguage\":\"en-US\",\"url\":\"https:\/\/www.k2glass.es\/wp-content\/uploads\/2020\/05\/empresa.jpg\",\"contentUrl\":\"https:\/\/www.k2glass.es\/wp-content\/uploads\/2020\/05\/empresa.jpg\"},{\"@type\":\"WebPage\",\"@id\":\"http:\/\/www.k2glass.es\/en\/contact\/#webpage\",\"url\":\"http:\/\/www.k2glass.es\/en\/contact\/\",\"name\":\"Contact K2Glass\",\"isPartOf\":{\"@id\":\"https:\/\/www.k2glass.es\/en\/#website\"},\"primaryImageOfPage\":{\"@id\":\"http:\/\/www.k2glass.es\/en\/contact\/#primaryimage\"},\"datePublished\":\"2022-10-25T09:51:17+00:00\",\"dateModified\":\"2022-10-25T09:51:20+00:00\",\"description\":\"Glassware specializing in the manufacture of glass, installation of stained glass and custom cut glass. T: + 34 943 55 24 68\",\"breadcrumb\":{\"@id\":\"http:\/\/www.k2glass.es\/en\/contact\/#breadcrumb\"},\"inLanguage\":\"en-US\",\"potentialAction\":[{\"@type\":\"ReadAction\",\"target\":[\"http:\/\/www.k2glass.es\/en\/contact\/\"]}]},{\"@type\":\"BreadcrumbList\",\"@id\":\"http:\/\/www.k2glass.es\/en\/contact\/#breadcrumb\",\"itemListElement\":[{\"@type\":\"ListItem\",\"position\":1,\"name\":\"Portada\",\"item\":\"https:\/\/www.k2glass.es\/en\/\"},{\"@type\":\"ListItem\",\"position\":2,\"name\":\"Contact\"}]}]}<\/script>\n<!-- \/ Yoast SEO plugin. -->","yoast_head_json":{"title":"Contact K2Glass","description":"Glassware specializing in the manufacture of glass, installation of stained glass and custom cut glass. T: + 34 943 55 24 68","robots":{"index":"index","follow":"follow","max-snippet":"max-snippet:-1","max-image-preview":"max-image-preview:large","max-video-preview":"max-video-preview:-1"},"canonical":"http:\/\/www.k2glass.es\/en\/contact\/","og_locale":"en_US","og_type":"article","og_title":"Contact K2Glass","og_description":"Glassware specializing in the manufacture of glass, installation of stained glass and custom cut glass. T: + 34 943 55 24 68","og_url":"http:\/\/www.k2glass.es\/en\/contact\/","og_site_name":"K2 Glass","article_modified_time":"2022-10-25T09:51:20+00:00","og_image":[{"url":"https:\/\/www.k2glass.es\/wp-content\/uploads\/2020\/05\/empresa.jpg"}],"twitter_card":"summary_large_image","twitter_misc":{"Est. reading time":"1 minute"},"schema":{"@context":"https:\/\/schema.org","@graph":[{"@type":"WebSite","@id":"https:\/\/www.k2glass.es\/en\/#website","url":"https:\/\/www.k2glass.es\/en\/","name":"K2 Glass","description":"Proyectos integrales en vidrio","potentialAction":[{"@type":"SearchAction","target":{"@type":"EntryPoint","urlTemplate":"https:\/\/www.k2glass.es\/en\/?s={search_term_string}"},"query-input":"required name=search_term_string"}],"inLanguage":"en-US"},{"@type":"ImageObject","@id":"http:\/\/www.k2glass.es\/en\/contact\/#primaryimage","inLanguage":"en-US","url":"https:\/\/www.k2glass.es\/wp-content\/uploads\/2020\/05\/empresa.jpg","contentUrl":"https:\/\/www.k2glass.es\/wp-content\/uploads\/2020\/05\/empresa.jpg"},{"@type":"WebPage","@id":"http:\/\/www.k2glass.es\/en\/contact\/#webpage","url":"http:\/\/www.k2glass.es\/en\/contact\/","name":"Contact K2Glass","isPartOf":{"@id":"https:\/\/www.k2glass.es\/en\/#website"},"primaryImageOfPage":{"@id":"http:\/\/www.k2glass.es\/en\/contact\/#primaryimage"},"datePublished":"2022-10-25T09:51:17+00:00","dateModified":"2022-10-25T09:51:20+00:00","description":"Glassware specializing in the manufacture of glass, installation of stained glass and custom cut glass. T: + 34 943 55 24 68","breadcrumb":{"@id":"http:\/\/www.k2glass.es\/en\/contact\/#breadcrumb"},"inLanguage":"en-US","potentialAction":[{"@type":"ReadAction","target":["http:\/\/www.k2glass.es\/en\/contact\/"]}]},{"@type":"BreadcrumbList","@id":"http:\/\/www.k2glass.es\/en\/contact\/#breadcrumb","itemListElement":[{"@type":"ListItem","position":1,"name":"Portada","item":"https:\/\/www.k2glass.es\/en\/"},{"@type":"ListItem","position":2,"name":"Contact"}]}]}},"acf":[],"_links":{"self":[{"href":"http:\/\/www.k2glass.es\/en\/wp-json\/wp\/v2\/pages\/22669"}],"collection":[{"href":"http:\/\/www.k2glass.es\/en\/wp-json\/wp\/v2\/pages"}],"about":[{"href":"http:\/\/www.k2glass.es\/en\/wp-json\/wp\/v2\/types\/page"}],"author":[{"embeddable":true,"href":"http:\/\/www.k2glass.es\/en\/wp-json\/wp\/v2\/users\/1"}],"replies":[{"embeddable":true,"href":"http:\/\/www.k2glass.es\/en\/wp-json\/wp\/v2\/comments?post=22669"}],"version-history":[{"count":1,"href":"http:\/\/www.k2glass.es\/en\/wp-json\/wp\/v2\/pages\/22669\/revisions"}],"predecessor-version":[{"id":22670,"href":"http:\/\/www.k2glass.es\/en\/wp-json\/wp\/v2\/pages\/22669\/revisions\/22670"}],"wp:attachment":[{"href":"http:\/\/www.k2glass.es\/en\/wp-json\/wp\/v2\/media?parent=22669"}],"curies":[{"name":"wp","href":"https:\/\/api.w.org\/{rel}","templated":true}]}}